{"id":14,"date":"2020-04-29T12:13:48","date_gmt":"2020-04-29T12:13:48","guid":{"rendered":"http:\/\/niedschule.de\/?page_id=14"},"modified":"2020-04-29T12:13:48","modified_gmt":"2020-04-29T12:13:48","slug":"impressum","status":"publish","type":"page","link":"https:\/\/niedschule.de\/?page_id=14","title":{"rendered":"Impressum"},"content":{"rendered":"\n<p>Bei Beschwerden, Hinweisen und Anregungen wenden Sie sich bitte zun\u00e4chst an den Verantwortlichen f\u00fcr die Website:<\/p>\n\n\n\n<p>Stephanie Hilt, Schulleiterin<br>Grundschule Niedschule Hemmersdorf<br>Niedaltdorfer Stra\u00dfe 32<br>66780 Rehlingen-Siersburg<\/p>\n\n\n\n<h2 class=\"wp-block-heading\">Rechtliche Hinweise<\/h2>\n\n\n\n<h5 class=\"wp-block-heading\">Inhalt des Webangebotes<\/h5>\n\n\n\n<p>Der Webmaster ist bem\u00fcht, das Webangebot stets aktuell und inhaltlich richtig sowie vollst\u00e4ndig anzubieten. Dennoch ist das Auftreten von Fehlern nicht v\u00f6llig auszuschlie\u00dfen. Es wird keine Haftung \u00fcbernommen f\u00fcr die Aktualit\u00e4t, die inhaltliche Richtigkeit sowie f\u00fcr die Vollst\u00e4ndigkeit der in ihrem Webangebot eingestellten Informationen, es sei denn die Fehler wurden vors\u00e4tzlich oder grob fahrl\u00e4ssig aufgenommen. Dies bezieht sich auf eventuelle Sch\u00e4den materieller oder ideeller Art Dritter, die durch die Nutzung dieses Webangebotes verursacht wurden.<\/p>\n\n\n\n<p>Der Webmaster ist nicht daf\u00fcr verantwortlich, wenn Benutzer im G\u00e4stebuch oder Forum Links zu anderen Seiten setzten. Ebenso ist der Webmaster nicht verantwortlich f\u00fcr Beitr\u00e4ge im G\u00e4stebuch, in den Nachrichten und im Forum, die er nicht selbst verfasst hat.<\/p>\n\n\n\n<h5 class=\"wp-block-heading\">Bilder<\/h5>\n\n\n\n<p>Der&nbsp;<a href=\"mailto:webmaster@niedschule.de\">Webmaster<\/a>&nbsp;von&nbsp;<a href=\"http:\/\/www.niedschule.de\/\">www.niedschule.de<\/a>&nbsp;entbindet sich hiermit jeder Verantwortung f\u00fcr die verf\u00fcgbaren Bilder.<\/p>\n\n\n\n<h5 class=\"wp-block-heading\">Copyright<\/h5>\n\n\n\n<p>Das Layout der Homepage, die verwendeten Grafiken und Bilder, die Sammlung sowie einzelnen Beitr\u00e4ge sind urheberrechtlich gesch\u00fctzt. Alle Rechte, auch die der fotomechanischen Wiedergabe, der Vervielf\u00e4ltigung und der Verbreitung mittels besonderer Verfahren (zum Beispiel Datenverarbeitung, Datentr\u00e4ger und Datennetze), auch teilweise, beh\u00e4lt sich der Webmaster vor.<\/p>\n\n\n\n<h5 class=\"wp-block-heading\">Externe Verweise und Links<\/h5>\n\n\n\n<p>Mit Urteil vom 12.Mai 1998 hat das LG Hamburg entschieden, dass man durch die Ausbringung eines Links die Inhalte der gelinkten Seite ggf. mit zu verantworten hat. Dies kann, so das LG, nur dadurch verhindert werden, dass man sich ausdr\u00fccklich von diesen Inhalten distanziert. Wir haben auf unseren Seiten Links zu Seiten im Internet gelegt, deren Inhalt und Aktualisierung nicht unserem Einflussbereich unterliegen. F\u00fcr alle diese Links gilt: \u201cWir haben keinen Einfluss auf Gestaltung und Inhalte fremder Internetseiten. Sie distanziert sich daher von allen fremden Inhalten, auch wenn von unsren Seiten auf diese externe Seiten ein Link gesetzt wurde.\u201d Diese Erkl\u00e4rung gilt f\u00fcr alle auf unserer Homepage angezeigten Links und f\u00fcr alle Inhalte der Seiten, zu denen die bei uns angemeldeten Banner und Links f\u00fchren. Die Klausel ist nur dann g\u00fcltig, wenn auch Links unter der Rubrik \u201cLinks\u201d gesetzt sind.<\/p>\n\n\n\n<h5 class=\"wp-block-heading\">Datenschutz<\/h5>\n\n\n\n<p>Sofern innerhalb des Internetangebotes die M\u00f6glichkeit der Eingabe von pers\u00f6nlichen Daten (E-Mailadresse, Namen, Anschriften) besteht, erfolgt diese freiwillig. Es sei an dieser Stelle ausdr\u00fccklich daraufhingewiesen, dass sie diese Daten nicht an Dritte weitergegeben werden, au\u00dfer das Gesetz verlangt es (z.B. im Falle einer polizeilichen Ermittlung).<\/p>\n\n\n\n<h5 class=\"wp-block-heading\">Verhaltensregeln<\/h5>\n\n\n\n<p>Jeder ist f\u00fcr sein eigenes Handeln selbst verantwortlich. F\u00fcr das Benehmen in interaktiven Bereichen (z.B. G\u00e4stebuch, Forum) gilt: Die deutschen geltenden Gesetze d\u00fcrfen in keinem Fall gebrochen werden. Au\u00dferdem ist es strengstens untersagt Verweise zu Seiten zu beschreiben mit rechtswidrigem Inhalt (z.B. Kinderpornografie, Terrorismus). Ebenso ist die Werbung f\u00fcr Unternehmen oder Parteien zu vermeiden. Diese Seite sch\u00fctzt jedoch die Anonymit\u00e4t ihrer Besucher und duldet daher im G\u00e4stebuch anonyme Eintr\u00e4ge.<\/p>\n\n\n\n<h5 class=\"wp-block-heading\">Rechtswirksamkeit<\/h5>\n\n\n\n<p>Dieser Haftungsausschluss ist Teil unseres Internetangebotes. Sofern einzelne Formulierungen oder Teile dieses Textes der geltenden Rechtslage nicht mehr oder nicht mehr vollst\u00e4ndig entsprechen, bleiben die \u00fcbrigen Teile dieser Erkl\u00e4rung davon unber\u00fchrt.<\/p>\n\n\n\n<p>Dienstanbieter dieses Internetangebots ist das Saarland, vertreten durch den<\/p>\n\n\n\n<p>Minister f\u00fcr Bildung, Familie, Frauen und Kultur<\/p>\n\n\n\n<p>Hohenzollernstra\u00dfe 60<br>66117 Saarbr\u00fccken<br>Telefon: 0681 501-7565<br>eMail:&nbsp;<a href=\"mailto:schulhomepage@bildung.saarland.de\">schulhomepage@bildung.saarland.de<\/a><\/p>\n","protected":false},"excerpt":{"rendered":"<p>Bei Beschwerden, Hinweisen und Anregungen wenden Sie sich bitte zun\u00e4chst an den Verantwortlichen f\u00fcr die Website: Stephanie Hilt, SchulleiterinGrundschule Niedschule HemmersdorfNiedaltdorfer Stra\u00dfe 3266780 Rehlingen-Siersburg Rechtliche Hinweise Inhalt des Webangebotes Der Webmaster ist bem\u00fcht, das Webangebot stets aktuell und inhaltlich richtig sowie vollst\u00e4ndig anzubieten. Dennoch ist das Auftreten von Fehlern nicht v\u00f6llig auszuschlie\u00dfen. Es wird keine [&hellip;]<\/p>\n","protected":false},"author":1,"featured_media":0,"parent":0,"menu_order":0,"comment_status":"closed","ping_status":"closed","template":"","meta":{"footnotes":""},"class_list":["post-14","page","type-page","status-publish","hentry"],"_links":{"self":[{"href":"https:\/\/niedschule.de\/index.php?rest_route=\/wp\/v2\/pages\/14","targetHints":{"allow":["GET"]}}],"collection":[{"href":"https:\/\/niedschule.de\/index.php?rest_route=\/wp\/v2\/pages"}],"about":[{"href":"https:\/\/niedschule.de\/index.php?rest_route=\/wp\/v2\/types\/page"}],"author":[{"embeddable":true,"href":"https:\/\/niedschule.de\/index.php?rest_route=\/wp\/v2\/users\/1"}],"replies":[{"embeddable":true,"href":"https:\/\/niedschule.de\/index.php?rest_route=%2Fwp%2Fv2%2Fcomments&post=14"}],"version-history":[{"count":1,"href":"https:\/\/niedschule.de\/index.php?rest_route=\/wp\/v2\/pages\/14\/revisions"}],"predecessor-version":[{"id":15,"href":"https:\/\/niedschule.de\/index.php?rest_route=\/wp\/v2\/pages\/14\/revisions\/15"}],"wp:attachment":[{"href":"https:\/\/niedschule.de\/index.php?rest_route=%2Fwp%2Fv2%2Fmedia&parent=14"}],"curies":[{"name":"wp","href":"https:\/\/api.w.org\/{rel}","templated":true}]}}