{"id":16,"date":"2020-04-29T12:16:38","date_gmt":"2020-04-29T12:16:38","guid":{"rendered":"http:\/\/niedschule.de\/?page_id=16"},"modified":"2020-04-29T12:16:38","modified_gmt":"2020-04-29T12:16:38","slug":"datenschutzerklaerung","status":"publish","type":"page","link":"https:\/\/niedschule.de\/?page_id=16","title":{"rendered":"Datenschutzerkl\u00e4rung"},"content":{"rendered":"\n<h5 class=\"wp-block-heading\">1. Verantwortlicher und Datenschutzbeauftragter<\/h5>\n\n\n\n<p>1.1 Verantwortlicher gem. Art. 4 Abs. 7 EU-Datenschutz-Grundverordnung (EU-DSGVO) ist [Stephanie Hilt, Schulleiterin,&nbsp;Grundschule Niedschule Hemmersdorf,&nbsp;Niedaltdorfer Stra\u00dfe 32,&nbsp;66780 Rehlingen-Siersburg, E-mail: niedschule[at]t-online.de] (siehe unser Impressum).<\/p>\n\n\n\n<p>1.2 Unsere Datenschutzbeauftragte erreichen Sie unter:&nbsp;<strong>datenschutzbeauftragte@bildung.saarland.de<\/strong>&nbsp;oder der Adresse des Ministeriums f\u00fcr Bildung und Kultur, Trierer Stra\u00dfe 33, 66111 Saarbr\u00fccken mit dem Zusatz \u201eDie Datenschutzbeauftragte\u201c.<\/p>\n\n\n\n<h5 class=\"wp-block-heading\">2. Information \u00fcber die Erhebung personenbezogener Daten, Speicherdauer<\/h5>\n\n\n\n<p>2.1 Im Folgenden informieren wir \u00fcber die Erhebung personenbezogener Daten bei Nutzung unserer Website. Personenbezogene Daten sind alle Daten, die auf Sie pers\u00f6nlich beziehbar sind, z. B. Name, Adresse, E-Mail-Adressen, Nutzerverhalten.<\/p>\n\n\n\n<p>2.2 Bei Ihrer Kontaktaufnahme mit uns per E-Mail oder \u00fcber ein Kontaktformular werden die von Ihnen mitgeteilten Daten (Ihre E-Mail-Adresse, ggf. Ihr Name und Ihre Telefonnummer) von uns gespeichert, um Ihre Fragen zu beantworten. Die in diesem Zusammenhang anfallenden Daten l\u00f6schen wir, nachdem die Speicherung nicht mehr erforderlich ist, oder schr\u00e4nken die Verarbeitung ein, falls gesetzliche Aufbewahrungspflichten bestehen.<\/p>\n\n\n\n<p>2.3 Falls wir f\u00fcr einzelne Funktionen unseres Angebots auf beauftragte Dienstleister zur\u00fcckgreifen oder Ihre Daten f\u00fcr werbliche Zwecke nutzen m\u00f6chten, werden wir Sie untenstehend im Detail \u00fcber die jeweiligen Vorg\u00e4nge informieren. Dabei nennen wir auch die festgelegten Kriterien der Speicherdauer.<\/p>\n\n\n\n<h5 class=\"wp-block-heading\">3. Ihre Rechte<\/h5>\n\n\n\n<p>3.1 Sie haben gegen\u00fcber uns folgende Rechte hinsichtlich der Sie betreffenden personenbezogenen Daten:<\/p>\n\n\n\n<ul class=\"wp-block-list\"><li>Recht auf Auskunft,<\/li><li>Recht auf Berichtigung oder L\u00f6schung,<\/li><li>Recht auf Einschr\u00e4nkung der Verarbeitung,<\/li><li>Recht auf Widerspruch gegen die Verarbeitung,<\/li><li>Recht auf Daten\u00fcbertragbarkeit.<\/li><\/ul>\n\n\n\n<p>3.2 Sie haben zudem das Recht, sich bei einer Datenschutz-Aufsichtsbeh\u00f6rde \u00fcber die Verarbeitung Ihrer personenbezogenen Daten durch uns zu beschweren. Die Datenschutzaufsichtsbeh\u00f6rde ist die Landesbeauftragte f\u00fcr den Datenschutz und die Informationsfreiheit (LfDI), Fritz-Dobisch-Str. 12, 66111 Saarbr\u00fccken.<\/p>\n\n\n\n<p>3.4 Werden personenbezogene Daten an ein Drittland oder an eine internationale Organisation \u00fcbermittelt, so haben Sie das Recht, \u00fcber die geeigneten Garantien gem\u00e4\u00df Art. 46 EU-DSGVO im Zusammenhang mit der \u00dcbermittlung unterrichtet zu werden.<\/p>\n\n\n\n<h5 class=\"wp-block-heading\">4. Erhebung und Zweck personenbezogener Daten bei Besuch unserer Website<\/h5>\n\n\n\n<p>4.1 Bei der blo\u00df informatorischen Nutzung der Website, also wenn Sie sich nicht registrieren oder uns anderweitig Informationen \u00fcbermitteln, erheben wir nur die personenbezogenen Daten, die Ihr Browser an unseren Server \u00fcbermittelt. Wenn Sie unsere Website betrachten m\u00f6chten, erheben wir die folgenden Daten, die f\u00fcr uns technisch erforderlich sind, um Ihnen unsere Website anzuzeigen und die Stabilit\u00e4t und Sicherheit zu gew\u00e4hrleisten (Rechtsgrundlage ist Art. 6 Abs. 1 S. 1 lit. f EU-DSGVO):<\/p>\n\n\n\n<ul class=\"wp-block-list\"><li>IP-Adresse<\/li><li>Datum und Uhrzeit der Anfrage<\/li><li>Zeitzonendifferenz zur Greenwich Mean Time (GMT)<\/li><li>Inhalt der Anforderung (konkrete Seite)<\/li><li>Zugriffsstatus\/HTTP-Statuscode<\/li><li>jeweils \u00fcbertragene Datenmenge<\/li><li>Website, von der die Anforderung kommt<\/li><li>Browser<\/li><li>Betriebssystem und dessen Oberfl\u00e4che<\/li><li>Sprache und Version der Browsersoftware.<\/li><\/ul>\n\n\n\n<p>4.2 Zus\u00e4tzlich zu den zuvor genannten Daten werden bei Ihrer Nutzung unserer Website Cookies auf Ihrem Rechner gespeichert. Bei Cookies handelt es sich um kleine Textdateien, die auf Ihrer Festplatte dem von Ihnen verwendeten Browser zugeordnet gespeichert werden und durch welche der Stelle, die den Cookie setzt (hier durch uns), bestimmte Informationen zuflie\u00dfen. Cookies k\u00f6nnen keine Pro-gramme ausf\u00fchren oder Viren auf Ihren Computer \u00fcbertragen. Sie dienen dazu, das Internetangebot insgesamt nutzerfreundlicher und effektiver zu machen.<\/p>\n\n\n\n<p>4.3 Einsatz von Cookies&nbsp;<em>(Diesen Absatz k\u00f6nnen Sie entfernen, wenn Sie keine Cookies verwenden bzw. m\u00fcssen ihn in Anh\u00e4ngigkeit von den eingesetzten Cookies anpassen)<\/em><\/p>\n\n\n\n<p>a) Diese Website nutzt folgende Arten von Cookies, deren Umfang und Funktionsweise im Folgenden erl\u00e4utert werden:<\/p>\n\n\n\n<ul class=\"wp-block-list\"><li>Transiente Cookies (dazu b)<\/li><li>Persistente Cookies (dazu c)<\/li><\/ul>\n\n\n\n<p>b) Transiente Cookies werden automatisiert gel\u00f6scht, wenn Sie den Browser schlie\u00dfen. Dazu z\u00e4hlen insbesondere die Session-Cookies. Diese speichern eine sogenannte Session-ID, mit welcher sich verschiedene Anfragen Ihres Browsers der gemeinsamen Sitzung zuordnen lassen. Dadurch kann Ihr Rechner wiedererkannt werden, wenn Sie auf unsere Website zur\u00fcckkehren. Die Session-Cookies werden gel\u00f6scht, wenn Sie sich ausloggen oder den Browser schlie\u00dfen.<\/p>\n\n\n\n<p>c) Persistente Cookies werden automatisiert nach einer vorgegebenen Dauer gel\u00f6scht, die sich je nach Cookie unterscheiden kann. Sie k\u00f6nnen die Cookies in den Sicherheitseinstellungen Ihres Browsers jederzeit l\u00f6schen.<\/p>\n\n\n\n<p>d) Sie k\u00f6nnen Ihre Browser-Einstellung entsprechend Ihren W\u00fcnschen konfigurieren und z. B. die Annahme von Third-Party-Cookies oder allen Cookies ablehnen. Wir weisen Sie darauf hin, dass Sie eventuell nicht alle Funktionen dieser Website nutzen k\u00f6nnen.<\/p>\n\n\n\n<p>e) [Wir setzen Cookies ein, um Sie f\u00fcr Folgebesuche identifizieren zu k\u00f6nnen, falls Sie \u00fcber einen Account bei uns verf\u00fcgen. Andernfalls m\u00fcssten Sie sich f\u00fcr jeden Besuch erneut einloggen.]<\/p>\n\n\n\n<p>f) [Die genutzten Flash-Cookies werden nicht durch Ihren Browser erfasst, sondern durch Ihr Flash-Plug-in. Weiterhin nutzen wir HTML5 storage objects, die auf Ihrem Endger\u00e4t abgelegt werden. Diese Objekte speichern die erforderlichen Daten unabh\u00e4ngig von Ihrem verwendeten Browser und haben kein automatisches Ablaufdatum. Wenn Sie keine Verarbeitung der Flash-Cookies w\u00fcnschen, m\u00fcssen Sie ein entsprechendes Add-On installieren, z. B. \u201eBetter Privacy\u201c f\u00fcr Mozilla Firefox (https:\/\/addons.mozilla.org\/de\/firefox\/addon\/betterprivacy\/) oder das Adobe-Flash-Killer-Cookie f\u00fcr Google Chrome. Die Nutzung von HTML5 storage objects k\u00f6nnen Sie verhindern, indem Sie in Ihrem Browser den privaten Modus einsetzen. Zudem empfehlen wir, regelm\u00e4\u00dfig Ihre Cookies und den Browser-Verlauf manuell zu l\u00f6schen.]<\/p>\n","protected":false},"excerpt":{"rendered":"<p>1. Verantwortlicher und Datenschutzbeauftragter 1.1 Verantwortlicher gem. Art. 4 Abs. 7 EU-Datenschutz-Grundverordnung (EU-DSGVO) ist [Stephanie Hilt, Schulleiterin,&nbsp;Grundschule Niedschule Hemmersdorf,&nbsp;Niedaltdorfer Stra\u00dfe 32,&nbsp;66780 Rehlingen-Siersburg, E-mail: niedschule[at]t-online.de] (siehe unser Impressum). 1.2 Unsere Datenschutzbeauftragte erreichen Sie unter:&nbsp;datenschutzbeauftragte@bildung.saarland.de&nbsp;oder der Adresse des Ministeriums f\u00fcr Bildung und Kultur, Trierer Stra\u00dfe 33, 66111 Saarbr\u00fccken mit dem Zusatz \u201eDie Datenschutzbeauftragte\u201c. 2. Information \u00fcber die [&hellip;]<\/p>\n","protected":false},"author":1,"featured_media":0,"parent":0,"menu_order":0,"comment_status":"closed","ping_status":"closed","template":"","meta":{"footnotes":""},"class_list":["post-16","page","type-page","status-publish","hentry"],"_links":{"self":[{"href":"https:\/\/niedschule.de\/index.php?rest_route=\/wp\/v2\/pages\/16","targetHints":{"allow":["GET"]}}],"collection":[{"href":"https:\/\/niedschule.de\/index.php?rest_route=\/wp\/v2\/pages"}],"about":[{"href":"https:\/\/niedschule.de\/index.php?rest_route=\/wp\/v2\/types\/page"}],"author":[{"embeddable":true,"href":"https:\/\/niedschule.de\/index.php?rest_route=\/wp\/v2\/users\/1"}],"replies":[{"embeddable":true,"href":"https:\/\/niedschule.de\/index.php?rest_route=%2Fwp%2Fv2%2Fcomments&post=16"}],"version-history":[{"count":2,"href":"https:\/\/niedschule.de\/index.php?rest_route=\/wp\/v2\/pages\/16\/revisions"}],"predecessor-version":[{"id":18,"href":"https:\/\/niedschule.de\/index.php?rest_route=\/wp\/v2\/pages\/16\/revisions\/18"}],"wp:attachment":[{"href":"https:\/\/niedschule.de\/index.php?rest_route=%2Fwp%2Fv2%2Fmedia&parent=16"}],"curies":[{"name":"wp","href":"https:\/\/api.w.org\/{rel}","templated":true}]}}