{"id":2,"date":"2016-05-10T03:48:21","date_gmt":"2016-05-10T03:48:21","guid":{"rendered":"http:\/\/niedschule.de\/?page_id=2"},"modified":"2020-04-29T19:42:19","modified_gmt":"2020-04-29T19:42:19","slug":"sample-page","status":"publish","type":"page","link":"https:\/\/niedschule.de\/?page_id=2","title":{"rendered":"Wir \u00fcber uns"},"content":{"rendered":"<p>Die Niedschule Hemmersdorf wird zweiz\u00fcgig gef\u00fchrt und von ca. 150 Sch\u00fclerinnen und Sch\u00fclern in 8 Klassen besucht. Seit der Zusammenlegung mit der Grundschule Gerlfangen gehen die Kinder aus 6 Ortsteilen der Gemeinde Rehlingen-Siersburg in Hemmersdorf zur Schule: Hemmersdorf, Niedaltdorf, Biringen, Oberesch, Gerlfangen und F\u00fcrweiler. Zur Zeit wird der Unterricht von 12 Lehrerinnen und Lehrern, 2 Referendarinnen und einer Pastoralreferentin erteilt.<br \/>\nAn der Niedschule Hemmersdorf wird Franz\u00f6sisch ab Klasse 1 mit zwei Stunden pro Woche unterrichtet. Der Franz\u00f6sischunterricht in allen Klassen wird von einer Muttersprachlerin, Mme Schneider, erteilt.<\/p>\n<p>Im Rahmen der Freiwilligen Ganztagsschule k\u00f6nnen Kinder an jedem Tag von 12:30 Uhr bis 15:00 oder 17.00 Uhr betreut werden.<\/p>\n<p>Der Schule stehen neben den 8 Klassenr\u00e4umen ein Musiksaal, ein Zeichen-\/Werkraum, eine K\u00fcche, ein Computerraum mit 14 Computern, die vernetzt und ans Internet angeschlossen sind, f\u00fcr den Unterricht zur Verf\u00fcgung.<\/p>\n<p>Im Hausmeistertrakt kann ein F\u00f6rderraum gen\u00fctzt werden, weiterhin gibt es einen Erste-Hilfe-Raum, einen Mediationsraum und ein Elternsprechzimmer.<\/p>\n<p>F\u00fcr den Sportunterricht stehen der Schule zwei Turnhallen (Grenzlandhalle und Schulturnhalle) und eine Sportanlage im Au\u00dfenbereich mit Laufbahn, Sprunggrube und gro\u00dfer Wiese zur Verf\u00fcgung.<\/p>\n<p>Zum Schulgel\u00e4nde geh\u00f6rt ebenso ein gro\u00dfer Bereich mit Schulgarten und Schulteich sowie einem Klassenzimmer im Freien.<\/p>\n<p>Die Schule ist sowohl mit Ger\u00e4ten (Videocamera, Fotoapparat, Fernsehapparat, Videoger\u00e4t, Laminierger\u00e4t, Fotokopierer, Cassettenrecorder, CD-Spieler, Overhead-Projektoren. Orffsche Musikinstrumente, Gitarren, ca. 35 Computer f\u00fcr die Klassenr\u00e4ume, 14 Computer im Computerraum, Computer f\u00fcr die Verwaltungsarbeit) als auch mit aktuellen, Lehr- und Lernmitteln gut ausgestattet.\u00a0Bastelmaterial steht in der Regel zur freien Verf\u00fcgung, f\u00fcr Kopien m\u00fcssen die Sch\u00fclerinnen und Sch\u00fcler kein zus\u00e4tzliches Geld bezahlen.<\/p>\n","protected":false},"excerpt":{"rendered":"<p>Die Niedschule Hemmersdorf wird zweiz\u00fcgig gef\u00fchrt und von ca. 150 Sch\u00fclerinnen und Sch\u00fclern in 8 Klassen besucht. Seit der Zusammenlegung mit der Grundschule Gerlfangen gehen die Kinder aus 6 Ortsteilen der Gemeinde Rehlingen-Siersburg in Hemmersdorf zur Schule: Hemmersdorf, Niedaltdorf, Biringen, Oberesch, Gerlfangen und F\u00fcrweiler. Zur Zeit wird der Unterricht von 12 Lehrerinnen und Lehrern, 2 [&hellip;]<\/p>\n","protected":false},"author":1,"featured_media":0,"parent":0,"menu_order":0,"comment_status":"closed","ping_status":"closed","template":"","meta":{"footnotes":""},"class_list":["post-2","page","type-page","status-publish","hentry"],"_links":{"self":[{"href":"https:\/\/niedschule.de\/index.php?rest_route=\/wp\/v2\/pages\/2","targetHints":{"allow":["GET"]}}],"collection":[{"href":"https:\/\/niedschule.de\/index.php?rest_route=\/wp\/v2\/pages"}],"about":[{"href":"https:\/\/niedschule.de\/index.php?rest_route=\/wp\/v2\/types\/page"}],"author":[{"embeddable":true,"href":"https:\/\/niedschule.de\/index.php?rest_route=\/wp\/v2\/users\/1"}],"replies":[{"embeddable":true,"href":"https:\/\/niedschule.de\/index.php?rest_route=%2Fwp%2Fv2%2Fcomments&post=2"}],"version-history":[{"count":3,"href":"https:\/\/niedschule.de\/index.php?rest_route=\/wp\/v2\/pages\/2\/revisions"}],"predecessor-version":[{"id":65,"href":"https:\/\/niedschule.de\/index.php?rest_route=\/wp\/v2\/pages\/2\/revisions\/65"}],"wp:attachment":[{"href":"https:\/\/niedschule.de\/index.php?rest_route=%2Fwp%2Fv2%2Fmedia&parent=2"}],"curies":[{"name":"wp","href":"https:\/\/api.w.org\/{rel}","templated":true}]}}