{"id":29,"date":"2020-04-29T12:30:12","date_gmt":"2020-04-29T12:30:12","guid":{"rendered":"http:\/\/niedschule.de\/?page_id=29"},"modified":"2020-08-16T07:32:22","modified_gmt":"2020-08-16T05:32:22","slug":"einschulung","status":"publish","type":"page","link":"https:\/\/niedschule.de\/?page_id=29","title":{"rendered":"Einschulung"},"content":{"rendered":"\r\n<p>Das Einschulungsverfahren ist gepr\u00e4gt von einer engen Zusammenarbeit aller an der Einschulung Beteiligten: Eltern und Kinder, Kindergarten, Schule, schul\u00e4rztlicher und schulpsychologischer Dienst (bei Bedarf).<\/p>\r\n\r\n\r\n\r\n<p><strong>ab Herbst<\/strong><br \/>Schul\u00e4rztliche Untersuchung<\/p>\r\n\r\n\r\n\r\n<p><strong>M\u00e4rz\/April<\/strong><br \/>Informationsaustausch zwischen Schulleiterin und den Erzieherinnen im Kindergarten \u00fcber die angemeldeten Kinder<\/p>\r\n\r\n\r\n\r\n<p><strong>Mai\/Juni<\/strong><br \/>Besuch der angemeldeten Kinder in der Schule. Eventuell Besuch der neuen Erstklasslehrer*innen bei den angemeldeten Kindern im Kindergarten.<br \/>Elternabend mit Informationen zum ersten Schultag, der Klasseneinteilung und Materiallisten (wenn m\u00f6glich schon mit den k\u00fcnftigen Erstklasslehrer*innen)<\/p>\r\n\r\n\r\n\r\n<p><strong>1. Schultag<\/strong><br \/>Einschulungsgottesdienst und Einschulungsfeier<\/p>\r\n","protected":false},"excerpt":{"rendered":"<p>Das Einschulungsverfahren ist gepr\u00e4gt von einer engen Zusammenarbeit aller an der Einschulung Beteiligten: Eltern und Kinder, Kindergarten, Schule, schul\u00e4rztlicher und schulpsychologischer Dienst (bei Bedarf). ab HerbstSchul\u00e4rztliche Untersuchung M\u00e4rz\/AprilInformationsaustausch zwischen Schulleiterin und den Erzieherinnen im Kindergarten \u00fcber die angemeldeten Kinder Mai\/JuniBesuch der angemeldeten Kinder in der Schule. Eventuell Besuch der neuen Erstklasslehrer*innen bei den angemeldeten Kindern [&hellip;]<\/p>\n","protected":false},"author":1,"featured_media":0,"parent":2,"menu_order":0,"comment_status":"closed","ping_status":"closed","template":"","meta":{"footnotes":""},"class_list":["post-29","page","type-page","status-publish","hentry"],"_links":{"self":[{"href":"https:\/\/niedschule.de\/index.php?rest_route=\/wp\/v2\/pages\/29","targetHints":{"allow":["GET"]}}],"collection":[{"href":"https:\/\/niedschule.de\/index.php?rest_route=\/wp\/v2\/pages"}],"about":[{"href":"https:\/\/niedschule.de\/index.php?rest_route=\/wp\/v2\/types\/page"}],"author":[{"embeddable":true,"href":"https:\/\/niedschule.de\/index.php?rest_route=\/wp\/v2\/users\/1"}],"replies":[{"embeddable":true,"href":"https:\/\/niedschule.de\/index.php?rest_route=%2Fwp%2Fv2%2Fcomments&post=29"}],"version-history":[{"count":4,"href":"https:\/\/niedschule.de\/index.php?rest_route=\/wp\/v2\/pages\/29\/revisions"}],"predecessor-version":[{"id":237,"href":"https:\/\/niedschule.de\/index.php?rest_route=\/wp\/v2\/pages\/29\/revisions\/237"}],"up":[{"embeddable":true,"href":"https:\/\/niedschule.de\/index.php?rest_route=\/wp\/v2\/pages\/2"}],"wp:attachment":[{"href":"https:\/\/niedschule.de\/index.php?rest_route=%2Fwp%2Fv2%2Fmedia&parent=29"}],"curies":[{"name":"wp","href":"https:\/\/api.w.org\/{rel}","templated":true}]}}