{"id":31,"date":"2020-04-29T12:30:34","date_gmt":"2020-04-29T12:30:34","guid":{"rendered":"http:\/\/niedschule.de\/?page_id=31"},"modified":"2020-08-16T07:35:36","modified_gmt":"2020-08-16T05:35:36","slug":"leitbild","status":"publish","type":"page","link":"https:\/\/niedschule.de\/?page_id=31","title":{"rendered":"Leitbild"},"content":{"rendered":"<p>Das Leitbild enth\u00e4lt Vors\u00e4tze, die f\u00fcr uns im Unterricht und im Schulleben wichtig sind und die wir in unserer schulischen Arbeit umsetzen wollen. Es umfasst die Bereiche Unterricht, Ergebnisse der schulischen Arbeit und Schulkultur.<\/p>\n<ul>\n<li style=\"list-style-type: none;\">\n<ol>\n<li>Wir sorgen f\u00fcr ein gutes und lernf\u00f6rderliches Klassenklima, damit Sch\u00fcler*innen und Lehrer*innen mit Freude lernen und lehren k\u00f6nnen.<\/li>\n<li>Wir legen Wert auf sch\u00fclerorientierten Unterricht, der vielf\u00e4ltige Inhalte ber\u00fccksichtigt.<\/li>\n<li>Wir setzen uns f\u00fcr eine transparente Leistungsbeurteilung ein.<\/li>\n<li>Uns ist eine klare Strukturierung des Unterrichts wichtig, um Lernzeit effektiv nutzen zu k\u00f6nnen.<\/li>\n<li>Als Schulgemeinschaft wollen wir Raum schaffen f\u00fcr Kreativit\u00e4t und Phantasie.<\/li>\n<li>Wir wollen erreichen, dass unsere Sch\u00fcler*innen in ihrer Pers\u00f6nlichkeit gest\u00e4rkt werden. Uns ist wichtig, dass sie selbst\u00e4ndig werden und eigenverantwortlich lernen.<\/li>\n<li>Wir legen Wert auf einen schonenden Umgang mit unserer Natur.<\/li>\n<li>Uns ist wichtig, dass Eltern unsere p\u00e4dagogische Arbeit innerhalb und au\u00dferhalb der Schule verstehen und nachvollziehen k\u00f6nnen.<\/li>\n<li>Unsere Schule ist ein Ort des Miteinanders von Lehrern*innen, Erzieher*innen, Sch\u00fcler*innen, Eltern und Vereinen, an dem eine vertrauensvolle und offene Zusammenarbeit herrscht.<\/li>\n<li>Wir legen Wert auf einen r\u00fccksichtsvollen, hilfsbereiten und wertsch\u00e4tzenden Umgang miteinander,<\/li>\n<\/ol>\n<\/li>\n<\/ul>\n","protected":false},"excerpt":{"rendered":"<p>Das Leitbild enth\u00e4lt Vors\u00e4tze, die f\u00fcr uns im Unterricht und im Schulleben wichtig sind und die wir in unserer schulischen Arbeit umsetzen wollen. Es umfasst die Bereiche Unterricht, Ergebnisse der schulischen Arbeit und Schulkultur. Wir sorgen f\u00fcr ein gutes und lernf\u00f6rderliches Klassenklima, damit Sch\u00fcler*innen und Lehrer*innen mit Freude lernen und lehren k\u00f6nnen. Wir legen Wert [&hellip;]<\/p>\n","protected":false},"author":1,"featured_media":0,"parent":2,"menu_order":0,"comment_status":"closed","ping_status":"closed","template":"","meta":{"footnotes":""},"class_list":["post-31","page","type-page","status-publish","hentry"],"_links":{"self":[{"href":"https:\/\/niedschule.de\/index.php?rest_route=\/wp\/v2\/pages\/31","targetHints":{"allow":["GET"]}}],"collection":[{"href":"https:\/\/niedschule.de\/index.php?rest_route=\/wp\/v2\/pages"}],"about":[{"href":"https:\/\/niedschule.de\/index.php?rest_route=\/wp\/v2\/types\/page"}],"author":[{"embeddable":true,"href":"https:\/\/niedschule.de\/index.php?rest_route=\/wp\/v2\/users\/1"}],"replies":[{"embeddable":true,"href":"https:\/\/niedschule.de\/index.php?rest_route=%2Fwp%2Fv2%2Fcomments&post=31"}],"version-history":[{"count":5,"href":"https:\/\/niedschule.de\/index.php?rest_route=\/wp\/v2\/pages\/31\/revisions"}],"predecessor-version":[{"id":238,"href":"https:\/\/niedschule.de\/index.php?rest_route=\/wp\/v2\/pages\/31\/revisions\/238"}],"up":[{"embeddable":true,"href":"https:\/\/niedschule.de\/index.php?rest_route=\/wp\/v2\/pages\/2"}],"wp:attachment":[{"href":"https:\/\/niedschule.de\/index.php?rest_route=%2Fwp%2Fv2%2Fmedia&parent=31"}],"curies":[{"name":"wp","href":"https:\/\/api.w.org\/{rel}","templated":true}]}}