{"id":34,"date":"2020-04-29T12:31:07","date_gmt":"2020-04-29T12:31:07","guid":{"rendered":"http:\/\/niedschule.de\/?page_id=34"},"modified":"2022-09-16T16:12:25","modified_gmt":"2022-09-16T14:12:25","slug":"schoolworkerin","status":"publish","type":"page","link":"https:\/\/niedschule.de\/?page_id=34","title":{"rendered":"Schulsozialarbeit"},"content":{"rendered":"\n<p>&nbsp;<\/p>\n\n\n\n<div class=\"wp-block-columns is-layout-flex wp-container-core-columns-is-layout-9d6595d7 wp-block-columns-is-layout-flex\">\n<div class=\"wp-block-column is-layout-flow wp-block-column-is-layout-flow\" style=\"flex-basis:40%\">\n<h5 class=\"wp-block-heading\">Sarah Heinrich<\/h5>\n\n\n\n<p class=\"has-text-align-left\">Tel.: 06831 764 1355<\/p>\n\n\n\n<p class=\"has-text-align-left\">Handy: 0173 3677383\u00a0<\/p>\n\n\n\n<p class=\"has-text-align-left\">sarah-heinrich@kreis-saarlouis.de<\/p>\n\n\n<div class=\"wp-block-image\">\n<figure class=\"aligncenter size-medium\"><img loading=\"lazy\" decoding=\"async\" width=\"214\" height=\"300\" src=\"https:\/\/niedschule.de\/wp-content\/uploads\/2022\/09\/image-1-214x300.png\" alt=\"\" class=\"wp-image-925\" srcset=\"https:\/\/niedschule.de\/wp-content\/uploads\/2022\/09\/image-1-214x300.png 214w, https:\/\/niedschule.de\/wp-content\/uploads\/2022\/09\/image-1.png 335w\" sizes=\"auto, (max-width: 214px) 100vw, 214px\" \/><\/figure>\n<\/div><\/div>\n\n\n\n<div class=\"wp-block-column is-layout-flow wp-block-column-is-layout-flow\" style=\"flex-basis:20%\">\n<h5 class=\"wp-block-heading\"><\/h5>\n\n\n\n<div style=\"height:140px\" aria-hidden=\"true\" class=\"wp-block-spacer\"><\/div>\n\n\n<div class=\"wp-block-image\">\n<figure class=\"alignleft size-full\"><img loading=\"lazy\" decoding=\"async\" width=\"307\" height=\"670\" src=\"https:\/\/niedschule.de\/wp-content\/uploads\/2022\/09\/image-3.png\" alt=\"\" class=\"wp-image-927\" srcset=\"https:\/\/niedschule.de\/wp-content\/uploads\/2022\/09\/image-3.png 307w, https:\/\/niedschule.de\/wp-content\/uploads\/2022\/09\/image-3-137x300.png 137w\" sizes=\"auto, (max-width: 307px) 100vw, 307px\" \/><\/figure>\n<\/div><\/div>\n\n\n\n<div class=\"wp-block-column is-layout-flow wp-block-column-is-layout-flow\" style=\"flex-basis:40%\">\n<h5 class=\"wp-block-heading\">Christina Schultz<\/h5>\n\n\n\n<p>Tel.: 06831 764 1355<\/p>\n\n\n\n<p>Handy: 0151 16761972<\/p>\n\n\n\n<p>c.schultz@swsm-merzig.de<\/p>\n\n\n<div class=\"wp-block-image\">\n<figure class=\"aligncenter size-medium is-resized\"><img loading=\"lazy\" decoding=\"async\" src=\"https:\/\/niedschule.de\/wp-content\/uploads\/2022\/09\/image-2-221x300.png\" alt=\"\" class=\"wp-image-926\" width=\"232\" height=\"300\"\/><\/figure>\n<\/div><\/div>\n<\/div>\n\n\n\n<p class=\"has-text-align-center has-medium-font-size\">Ansprechpartnerinnen an der Grundschule Hemmersdorf f\u00fcr Sch\u00fcler*Innen und Erziehungsberechtige bei pers\u00f6nlichen, famili\u00e4ren und schulischen Belangen.<\/p>\n\n\n\n<div style=\"height:27px\" aria-hidden=\"true\" class=\"wp-block-spacer\"><\/div>\n\n\n\n<p class=\"has-text-align-center has-medium-font-size\">Termine nach Vereinbarung \u2013 pers\u00f6nlich und vertraulich<\/p>\n\n\n\n<div style=\"height:100px\" aria-hidden=\"true\" class=\"wp-block-spacer\"><\/div>\n\n\n<div class=\"wp-block-image\">\n<figure class=\"aligncenter size-full\"><img loading=\"lazy\" decoding=\"async\" width=\"953\" height=\"101\" src=\"https:\/\/niedschule.de\/wp-content\/uploads\/2022\/09\/image-4.png\" alt=\"\" class=\"wp-image-928\" srcset=\"https:\/\/niedschule.de\/wp-content\/uploads\/2022\/09\/image-4.png 953w, https:\/\/niedschule.de\/wp-content\/uploads\/2022\/09\/image-4-300x32.png 300w, https:\/\/niedschule.de\/wp-content\/uploads\/2022\/09\/image-4-768x81.png 768w\" sizes=\"auto, (max-width: 953px) 100vw, 953px\" \/><\/figure>\n<\/div>","protected":false},"excerpt":{"rendered":"<p>&nbsp; Sarah Heinrich Tel.: 06831 764 1355 Handy: 0173 3677383\u00a0 sarah-heinrich@kreis-saarlouis.de Christina Schultz Tel.: 06831 764 1355 Handy: 0151 16761972 c.schultz@swsm-merzig.de Ansprechpartnerinnen an der Grundschule Hemmersdorf f\u00fcr Sch\u00fcler*Innen und Erziehungsberechtige bei pers\u00f6nlichen, famili\u00e4ren und schulischen Belangen. Termine nach Vereinbarung \u2013 pers\u00f6nlich und vertraulich<\/p>\n","protected":false},"author":1,"featured_media":0,"parent":2,"menu_order":0,"comment_status":"closed","ping_status":"closed","template":"","meta":{"footnotes":""},"class_list":["post-34","page","type-page","status-publish","hentry"],"_links":{"self":[{"href":"https:\/\/niedschule.de\/index.php?rest_route=\/wp\/v2\/pages\/34","targetHints":{"allow":["GET"]}}],"collection":[{"href":"https:\/\/niedschule.de\/index.php?rest_route=\/wp\/v2\/pages"}],"about":[{"href":"https:\/\/niedschule.de\/index.php?rest_route=\/wp\/v2\/types\/page"}],"author":[{"embeddable":true,"href":"https:\/\/niedschule.de\/index.php?rest_route=\/wp\/v2\/users\/1"}],"replies":[{"embeddable":true,"href":"https:\/\/niedschule.de\/index.php?rest_route=%2Fwp%2Fv2%2Fcomments&post=34"}],"version-history":[{"count":9,"href":"https:\/\/niedschule.de\/index.php?rest_route=\/wp\/v2\/pages\/34\/revisions"}],"predecessor-version":[{"id":939,"href":"https:\/\/niedschule.de\/index.php?rest_route=\/wp\/v2\/pages\/34\/revisions\/939"}],"up":[{"embeddable":true,"href":"https:\/\/niedschule.de\/index.php?rest_route=\/wp\/v2\/pages\/2"}],"wp:attachment":[{"href":"https:\/\/niedschule.de\/index.php?rest_route=%2Fwp%2Fv2%2Fmedia&parent=34"}],"curies":[{"name":"wp","href":"https:\/\/api.w.org\/{rel}","templated":true}]}}