{"id":36,"date":"2020-04-29T12:31:28","date_gmt":"2020-04-29T12:31:28","guid":{"rendered":"http:\/\/niedschule.de\/?page_id=36"},"modified":"2020-04-29T19:51:51","modified_gmt":"2020-04-29T19:51:51","slug":"schulleben","status":"publish","type":"page","link":"https:\/\/niedschule.de\/?page_id=36","title":{"rendered":"Schulleben"},"content":{"rendered":"\r\n<p>Das Schulleben ist gepr\u00e4gt durch folgende \u00fcber das Schuljahr verteilte gemeinsame Aktivit\u00e4ten aller Sch\u00fclerinnen und Sch\u00fcler, die fester Bestandteil des Schullebens sind und je nach Angebot erweitert werden k\u00f6nnen:<\/p>\r\n\r\n\r\n\r\n<ul class=\"wp-block-list\">\r\n<li style=\"list-style-type: none;\">\r\n<ul>\r\n<li>Schulanfangsgottesdienst<\/li>\r\n<li>Einschulungsfeier<\/li>\r\n<li>Aktionen zur Verkehrssicherheit im 1. und 4. Schuljahr zusammen mit dem ADAC und der Bundespolizei (Aktion \u201cBahnanlagen sind kein Abenteuerspielplatz\u201d)<\/li>\r\n<li>Gemeinsames Adventssingen an jedem ersten Montag im Dezember im Eingangsbereich der Schule<\/li>\r\n<li>Gemeinsamer Besuch des Weihnachtsm\u00e4rchens in der Stadthalle in Dillingen Dillingen oder im Staatstheater in Saarbr\u00fccken in der Vorweihnachtszeit<\/li>\r\n<li>Teilnahme der 4. Klassen am Vorlesewettbewerb \u201cLesedino\u201d<\/li>\r\n<li>Autorenlesungen mit dem B\u00f6decker-Kreis<\/li>\r\n<li>Durchf\u00fchrung des SchulsportfestesTeilnahme am Gemeindesportfest der Gemeinde Rehlingen-Siersburg<\/li>\r\n<li>Pilotschule Medienkompass<\/li>\r\n<li>Ern\u00e4hrungsf\u00fchrerschein<\/li>\r\n<li>Schulausfl\u00fcge (z.B. Dynamikum Pirmasens, Zoo Saarbr\u00fccken)<\/li>\r\n<li>Schullandheimaufenthalte<\/li>\r\n<li>Schuljahresabschlussgottesdienst<\/li>\r\n<li>Schuljahresabschlussfeier<\/li>\r\n<li>In der Regel findet jedes Jahr ein P\u00e4dagogischer Tag statt<\/li>\r\n<li>Alle 2 Jahre f\u00fchrt die Schule eine Projektwoche durch<\/li>\r\n<li>Alle 4 Jahre feiert die Schule ein Schulfest<\/li>\r\n<\/ul>\r\n<\/li>\r\n<\/ul>\r\n","protected":false},"excerpt":{"rendered":"<p>Das Schulleben ist gepr\u00e4gt durch folgende \u00fcber das Schuljahr verteilte gemeinsame Aktivit\u00e4ten aller Sch\u00fclerinnen und Sch\u00fcler, die fester Bestandteil des Schullebens sind und je nach Angebot erweitert werden k\u00f6nnen: Schulanfangsgottesdienst Einschulungsfeier Aktionen zur Verkehrssicherheit im 1. und 4. Schuljahr zusammen mit dem ADAC und der Bundespolizei (Aktion \u201cBahnanlagen sind kein Abenteuerspielplatz\u201d) Gemeinsames Adventssingen an jedem [&hellip;]<\/p>\n","protected":false},"author":1,"featured_media":0,"parent":2,"menu_order":0,"comment_status":"closed","ping_status":"closed","template":"","meta":{"footnotes":""},"class_list":["post-36","page","type-page","status-publish","hentry"],"_links":{"self":[{"href":"https:\/\/niedschule.de\/index.php?rest_route=\/wp\/v2\/pages\/36","targetHints":{"allow":["GET"]}}],"collection":[{"href":"https:\/\/niedschule.de\/index.php?rest_route=\/wp\/v2\/pages"}],"about":[{"href":"https:\/\/niedschule.de\/index.php?rest_route=\/wp\/v2\/types\/page"}],"author":[{"embeddable":true,"href":"https:\/\/niedschule.de\/index.php?rest_route=\/wp\/v2\/users\/1"}],"replies":[{"embeddable":true,"href":"https:\/\/niedschule.de\/index.php?rest_route=%2Fwp%2Fv2%2Fcomments&post=36"}],"version-history":[{"count":3,"href":"https:\/\/niedschule.de\/index.php?rest_route=\/wp\/v2\/pages\/36\/revisions"}],"predecessor-version":[{"id":68,"href":"https:\/\/niedschule.de\/index.php?rest_route=\/wp\/v2\/pages\/36\/revisions\/68"}],"up":[{"embeddable":true,"href":"https:\/\/niedschule.de\/index.php?rest_route=\/wp\/v2\/pages\/2"}],"wp:attachment":[{"href":"https:\/\/niedschule.de\/index.php?rest_route=%2Fwp%2Fv2%2Fmedia&parent=36"}],"curies":[{"name":"wp","href":"https:\/\/api.w.org\/{rel}","templated":true}]}}