{"id":40,"date":"2020-04-29T12:32:25","date_gmt":"2020-04-29T12:32:25","guid":{"rendered":"http:\/\/niedschule.de\/?page_id=40"},"modified":"2020-08-16T07:44:17","modified_gmt":"2020-08-16T05:44:17","slug":"unterricht-foerderunterricht","status":"publish","type":"page","link":"https:\/\/niedschule.de\/?page_id=40","title":{"rendered":"Unterricht \/ F\u00f6rderunterricht"},"content":{"rendered":"\r\n<p>Die Grundlage des Lernens im Unterricht kommt in dem folgenden Satz zum Ausdruck:<\/p>\r\n\r\n\r\n\r\n<blockquote class=\"wp-block-quote is-layout-flow wp-block-quote-is-layout-flow\">\r\n<p>Wir wollen die Sch\u00fcler*innen fordern und f\u00f6rdern,\u00a0dabei soll ihnen das Schulleben Spa\u00df machen.<\/p>\r\n<\/blockquote>\r\n\r\n\r\n\r\n<p>Neben den traditionellen Unterrichtsmethoden treten zunehmend auch Unterrichtsmethoden zur F\u00f6rderung der Sch\u00fclerselbstt\u00e4tigkeit und -selbstst\u00e4ndigkeit: Tagesplan, Wochenplan, Lernen an Stationen, Freiarbeit.<br \/>Der Sitzkreis ist in vielen Klassen ein wichtiger Bestandteil des Unterrichts als Treffpunkt am Anfang und Ende des Schulmorgens zum Erz\u00e4hlen, zum Planen des Morgens, zum Vorlesen \u2026 . Auch w\u00e4hrend des Unterrichtes treffen sich Sch\u00fcler*innen und Lehrer*innen im Sitzkreis, um etwas zu zeigen, zu besprechen, zu planen, ein Problem zu l\u00f6sen\u2026 .<\/p>\r\n\r\n\r\n\r\n<p>Die Klassenr\u00e4ume sind sch\u00fclerfreundlich gestaltet mit B\u00fcchern, Lernspielen, Spielen, Sch\u00fclerarbeiten an den W\u00e4nden, Blumen auf den Fensterb\u00e4nken. In den Klassenr\u00e4umen stehen zur Zeit ca. 35 Computer zur Verf\u00fcgung.<\/p>\r\n\r\n\r\n\r\n<p>Die Sch\u00fclerb\u00fccherei befindet sich nicht an einem zentralen Ort sondern ist fester Bestandteil der B\u00fccherei jeder Klasse: Im j\u00e4hrlichen Wechsel lernt auf diese Weise jedes Kind in jedem Schuljahr ca. 50 neue B\u00fccher kennen und kann sie auch ausleihen.<\/p>\r\n\r\n\r\n\r\n<p>Das Kollegium hat f\u00fcr die Schule Beurteilungsrichtlinien aufgestellt, die bei Bedarf erg\u00e4nzt bzw. ver\u00e4ndert werden. Auf diese Weise kann f\u00fcr alle Sch\u00fclerinnen und Sch\u00fcler gew\u00e4hrleistet werden, dass sie den gleichen Grundlagen der Beurteilung unterliegen.<\/p>\r\n\r\n\r\n\r\n<p>Die Schule steht der Integration behinderter Sch\u00fclerinnen und Sch\u00fcler grunds\u00e4tzlich positiv gegen\u00fcber, in jedem Einzelfall muss jedoch auf der Grundlage der jeweiligen Rahmenbedingungen entschieden werden, ob ein Kind in einer Integrationsma\u00dfnahme bestm\u00f6glich gef\u00f6rdert werden kann.<\/p>\r\n\r\n\r\n\r\n<p>Der F\u00f6rderunterricht orientiert sich an den gemeinsamen Vereinbarungen der Gesamtkonferenz (F\u00f6rderkonzept vom 6.11.2007).<\/p>\r\n\r\n\r\n\r\n<p>F\u00f6rderung durch Arbeitsgemeinschaften in Abh\u00e4ngigkeit von der Stundenzuweisung:<\/p>\r\n\r\n\r\n\r\n<ul class=\"wp-block-list\">\r\n<li style=\"list-style-type: none;\">\r\n<ul>\r\n<li>AG Musik<\/li>\r\n<li>AG Kunst<\/li>\r\n<li>AG Sport<\/li>\r\n<li>AG Computer<\/li>\r\n<\/ul>\r\n<\/li>\r\n<\/ul>\r\n","protected":false},"excerpt":{"rendered":"<p>Die Grundlage des Lernens im Unterricht kommt in dem folgenden Satz zum Ausdruck: Wir wollen die Sch\u00fcler*innen fordern und f\u00f6rdern,\u00a0dabei soll ihnen das Schulleben Spa\u00df machen. Neben den traditionellen Unterrichtsmethoden treten zunehmend auch Unterrichtsmethoden zur F\u00f6rderung der Sch\u00fclerselbstt\u00e4tigkeit und -selbstst\u00e4ndigkeit: Tagesplan, Wochenplan, Lernen an Stationen, Freiarbeit.Der Sitzkreis ist in vielen Klassen ein wichtiger Bestandteil des [&hellip;]<\/p>\n","protected":false},"author":1,"featured_media":0,"parent":2,"menu_order":0,"comment_status":"closed","ping_status":"closed","template":"","meta":{"footnotes":""},"class_list":["post-40","page","type-page","status-publish","hentry"],"_links":{"self":[{"href":"https:\/\/niedschule.de\/index.php?rest_route=\/wp\/v2\/pages\/40","targetHints":{"allow":["GET"]}}],"collection":[{"href":"https:\/\/niedschule.de\/index.php?rest_route=\/wp\/v2\/pages"}],"about":[{"href":"https:\/\/niedschule.de\/index.php?rest_route=\/wp\/v2\/types\/page"}],"author":[{"embeddable":true,"href":"https:\/\/niedschule.de\/index.php?rest_route=\/wp\/v2\/users\/1"}],"replies":[{"embeddable":true,"href":"https:\/\/niedschule.de\/index.php?rest_route=%2Fwp%2Fv2%2Fcomments&post=40"}],"version-history":[{"count":5,"href":"https:\/\/niedschule.de\/index.php?rest_route=\/wp\/v2\/pages\/40\/revisions"}],"predecessor-version":[{"id":242,"href":"https:\/\/niedschule.de\/index.php?rest_route=\/wp\/v2\/pages\/40\/revisions\/242"}],"up":[{"embeddable":true,"href":"https:\/\/niedschule.de\/index.php?rest_route=\/wp\/v2\/pages\/2"}],"wp:attachment":[{"href":"https:\/\/niedschule.de\/index.php?rest_route=%2Fwp%2Fv2%2Fmedia&parent=40"}],"curies":[{"name":"wp","href":"https:\/\/api.w.org\/{rel}","templated":true}]}}