{"id":583,"date":"2021-10-10T11:15:28","date_gmt":"2021-10-10T09:15:28","guid":{"rendered":"https:\/\/niedschule.de\/?page_id=583"},"modified":"2026-03-08T18:41:30","modified_gmt":"2026-03-08T16:41:30","slug":"test","status":"publish","type":"page","link":"https:\/\/niedschule.de\/","title":{"rendered":""},"content":{"rendered":"<div class=\"wp-block-image\">\n<figure class=\"aligncenter size-large\"><img loading=\"lazy\" decoding=\"async\" width=\"1024\" height=\"188\" src=\"https:\/\/niedschule.de\/wp-content\/uploads\/2021\/02\/20210221_Fruehling-1024x188.png\" alt=\"\" class=\"wp-image-422\" srcset=\"https:\/\/niedschule.de\/wp-content\/uploads\/2021\/02\/20210221_Fruehling-1024x188.png 1024w, https:\/\/niedschule.de\/wp-content\/uploads\/2021\/02\/20210221_Fruehling-300x55.png 300w, https:\/\/niedschule.de\/wp-content\/uploads\/2021\/02\/20210221_Fruehling-768x141.png 768w, https:\/\/niedschule.de\/wp-content\/uploads\/2021\/02\/20210221_Fruehling.png 1090w\" sizes=\"auto, (max-width: 1024px) 100vw, 1024px\" \/><\/figure>\n<\/div>\n\n\n<div class=\"wp-block-columns is-layout-flex wp-container-core-columns-is-layout-9d6595d7 wp-block-columns-is-layout-flex\">\n<div class=\"wp-block-column is-layout-flow wp-block-column-is-layout-flow\" style=\"flex-basis:100%\">      <div id=\"post-grid-lazy-586\" class=\"post-grid-lazy\"><img decoding=\"async\" alt=\"\" src=\"\" \/><\/div>\n    <script>\n      jQuery('#post-grid-lazy-586').ready(function($) {\n        $('#post-grid-lazy-586').fadeOut();\n        $('#post-grid-586   ').fadeIn();\n      })\n    <\/script>\n    <style type=\"text\/css\">\n      #post-grid-586 {\n        display: none;\n      }\n\n      .post-grid-lazy {\n        text-align: center;\n      }\n    <\/style>\n    <div data-options='{&quot;id&quot;:&quot;586&quot;,&quot;lazy_load&quot;:&quot;yes&quot;,&quot;masonry_enable&quot;:&quot;no&quot;,&quot;view_type&quot;:&quot;grid&quot;}' id=\"post-grid-586\" class=\"post-grid grid\">\n    \n\n\n    <div class=\"grid-items\">\n      <div class=\"item item-1910 skin flat even 0 \">\n        <div class=\"layer-wrapper layout-103\">\n          <div class=\"element element_1633860053574  thumb \">\r\n                    <a target=\"_blank\" href=\"https:\/\/niedschule.de\/?p=1910\"><img decoding=\"async\" alt=\"php\"\r\n                    src=\"https:\/\/niedschule.de\/wp-content\/uploads\/2026\/04\/Lesedino_2026.jpg\" alt=\"\"><\/a>\r\n            <\/div>\r\n    <div class=\"element element_1633860089351  title_link \">\r\n                    <a target=\"_blank\"\r\n                href=\"https:\/\/niedschule.de\/?p=1910\">Lesedino an der Niedschule<\/a>\r\n            <\/div>\r\n    <div class=\"element element_1633860124645  excerpt \">\r\n        Wie in den vergangenen Jahren fand an unserer Schule der Lesewettbewerb \u201eLesedino\u201c            <\/div>\r\n    <\/div>\n  <\/div><div class=\"item item-1745 skin flat odd 1 \">\n        <div class=\"layer-wrapper layout-103\">\n          <div class=\"element element_1633860053574  thumb \">\r\n                    <a target=\"_blank\" href=\"https:\/\/niedschule.de\/?p=1745\"><img decoding=\"async\" alt=\"php\"\r\n                    src=\"https:\/\/niedschule.de\/wp-content\/uploads\/2026\/03\/Start.jpg\" alt=\"\"><\/a>\r\n            <\/div>\r\n    <div class=\"element element_1633860089351  title_link \">\r\n                    <a target=\"_blank\"\r\n                href=\"https:\/\/niedschule.de\/?p=1745\">Unser \u201eTrommelzauber\u201c<\/a>\r\n            <\/div>\r\n    <div class=\"element element_1633860124645  excerpt \">\r\n        Direkt nach den Faschingsferien startete unsere Projektwoche \u201eTrommelzauber\u201c. Unser Trommellehrer Soukou verbrachte            <\/div>\r\n    <\/div>\n  <\/div><div class=\"item item-1734 skin flat even 2 \">\n        <div class=\"layer-wrapper layout-103\">\n          <div class=\"element element_1633860053574  thumb \">\r\n                    <a target=\"_blank\" href=\"https:\/\/niedschule.de\/?p=1734\"><img decoding=\"async\" alt=\"php\"\r\n                    src=\"https:\/\/niedschule.de\/wp-content\/uploads\/2026\/03\/Fussball_Start.jpg\" alt=\"\"><\/a>\r\n            <\/div>\r\n    <div class=\"element element_1633860089351  title_link \">\r\n                    <a target=\"_blank\"\r\n                href=\"https:\/\/niedschule.de\/?p=1734\">M\u00e4dchenfu\u00dfball an der Niedschule<\/a>\r\n            <\/div>\r\n    <div class=\"element element_1633860124645  excerpt \">\r\n        Am Freitag, den 16. Januar, gab es f\u00fcr unsere M\u00e4dchen eine Schnupperstunde            <\/div>\r\n    <\/div>\n  <\/div><div class=\"item item-1726 skin flat odd 3 \">\n        <div class=\"layer-wrapper layout-103\">\n          <div class=\"element element_1633860053574  thumb \">\r\n                    <a target=\"_blank\" href=\"https:\/\/niedschule.de\/?p=1726\"><img decoding=\"async\" alt=\"php\"\r\n                    src=\"https:\/\/niedschule.de\/wp-content\/uploads\/2026\/01\/Besuch-Sternsinger-2026-2_2.jpg\" alt=\"\"><\/a>\r\n            <\/div>\r\n    <div class=\"element element_1633860089351  title_link \">\r\n                    <a target=\"_blank\"\r\n                href=\"https:\/\/niedschule.de\/?p=1726\">Die Sternsinger zu Besuch<\/a>\r\n            <\/div>\r\n    <div class=\"element element_1633860124645  excerpt \">\r\n        Am Montag hatten wir hohen Besuch von den Sternsingern.&nbsp; Nach der gro\u00dfen            <\/div>\r\n    <\/div>\n  <\/div><div class=\"item item-1712 skin flat even 4 \">\n        <div class=\"layer-wrapper layout-103\">\n          <div class=\"element element_1633860053574  thumb \">\r\n                    <a target=\"_blank\" href=\"https:\/\/niedschule.de\/?p=1712\"><img decoding=\"async\" alt=\"php\"\r\n                    src=\"https:\/\/niedschule.de\/wp-content\/uploads\/2025\/12\/Nikolaus.jpg\" alt=\"\"><\/a>\r\n            <\/div>\r\n    <div class=\"element element_1633860089351  title_link \">\r\n                    <a target=\"_blank\"\r\n                href=\"https:\/\/niedschule.de\/?p=1712\">Besuch vom Nikolaus<\/a>\r\n            <\/div>\r\n    <div class=\"element element_1633860124645  excerpt \">\r\n        Am 5. Dezember besuchte der Nikolaus die Kinder der Niedschule.&nbsp; Morgens begr\u00fc\u00dften            <\/div>\r\n    <\/div>\n  <\/div><div class=\"item item-1701 skin flat odd 5 \">\n        <div class=\"layer-wrapper layout-103\">\n          <div class=\"element element_1633860053574  thumb \">\r\n                    <a target=\"_blank\" href=\"https:\/\/niedschule.de\/?p=1701\"><img decoding=\"async\" alt=\"php\"\r\n                    src=\"https:\/\/niedschule.de\/wp-content\/uploads\/2025\/11\/Header_Mediation_2025.jpg\" alt=\"\"><\/a>\r\n            <\/div>\r\n    <div class=\"element element_1633860089351  title_link \">\r\n                    <a target=\"_blank\"\r\n                href=\"https:\/\/niedschule.de\/?p=1701\">Verleihung der Mediationsurkunden<\/a>\r\n            <\/div>\r\n    <div class=\"element element_1633860124645  excerpt \">\r\n        Am Freitag vor den Herbstferien wurden unsere neuen Mediatoren offiziell in einer            <\/div>\r\n    <\/div>\n  <\/div><div class=\"item item-1695 skin flat even 6 \">\n        <div class=\"layer-wrapper layout-103\">\n          <div class=\"element element_1633860053574  thumb \">\r\n                    <a target=\"_blank\" href=\"https:\/\/niedschule.de\/?p=1695\"><img decoding=\"async\" alt=\"php\"\r\n                    src=\"https:\/\/niedschule.de\/wp-content\/uploads\/2021\/10\/Termin_1800x600.jpg\" alt=\"\"><\/a>\r\n            <\/div>\r\n    <div class=\"element element_1633860089351  title_link \">\r\n                    <a target=\"_blank\"\r\n                href=\"https:\/\/niedschule.de\/?p=1695\">Anmeldung Schulneulinge<\/a>\r\n            <\/div>\r\n    <div class=\"element element_1633860124645  excerpt \">\r\n        Elternabend: Montag, 03.11.2025, 19:00 Uhr im Musiksaal in der Schule            <\/div>\r\n    <\/div>\n  <\/div><div class=\"item item-1687 skin flat odd 7 \">\n        <div class=\"layer-wrapper layout-103\">\n          <div class=\"element element_1633860053574  thumb \">\r\n                    <a target=\"_blank\" href=\"https:\/\/niedschule.de\/?p=1687\"><img decoding=\"async\" alt=\"php\"\r\n                    src=\"https:\/\/niedschule.de\/wp-content\/uploads\/2021\/09\/Kalender_1800x600.jpg\" alt=\"\"><\/a>\r\n            <\/div>\r\n    <div class=\"element element_1633860089351  title_link \">\r\n                    <a target=\"_blank\"\r\n                href=\"https:\/\/niedschule.de\/?p=1687\">Termine f\u00fcr das Schuljahr 2025\/2026<\/a>\r\n            <\/div>\r\n    <div class=\"element element_1633860124645  excerpt \">\r\n                    <\/div>\r\n    <\/div>\n  <\/div><div class=\"item item-1684 skin flat even 8 \">\n        <div class=\"layer-wrapper layout-103\">\n          <div class=\"element element_1633860053574  thumb \">\r\n                    <a target=\"_blank\" href=\"https:\/\/niedschule.de\/?p=1684\"><img decoding=\"async\" alt=\"php\"\r\n                    src=\"https:\/\/niedschule.de\/wp-content\/uploads\/2021\/10\/Info_1800x600.jpg\" alt=\"\"><\/a>\r\n            <\/div>\r\n    <div class=\"element element_1633860089351  title_link \">\r\n                    <a target=\"_blank\"\r\n                href=\"https:\/\/niedschule.de\/?p=1684\">Ablauf erster Schultag<\/a>\r\n            <\/div>\r\n    <div class=\"element element_1633860124645  excerpt \">\r\n                    <\/div>\r\n    <\/div>\n  <\/div><div class=\"item item-1681 skin flat odd 9 \">\n        <div class=\"layer-wrapper layout-103\">\n          <div class=\"element element_1633860053574  thumb \">\r\n                    <a target=\"_blank\" href=\"https:\/\/niedschule.de\/?p=1681\"><img decoding=\"async\" alt=\"php\"\r\n                    src=\"https:\/\/niedschule.de\/wp-content\/uploads\/2021\/10\/Info_1800x600.jpg\" alt=\"\"><\/a>\r\n            <\/div>\r\n    <div class=\"element element_1633860089351  title_link \">\r\n                    <a target=\"_blank\"\r\n                href=\"https:\/\/niedschule.de\/?p=1681\">Das Schutzkonzept der GS Niedschule Hemmersdorf<\/a>\r\n            <\/div>\r\n    <div class=\"element element_1633860124645  excerpt \">\r\n                    <\/div>\r\n    <\/div>\n  <\/div><div class=\"item item-1649 skin flat even 10 \">\n        <div class=\"layer-wrapper layout-103\">\n          <div class=\"element element_1633860053574  thumb \">\r\n                    <a target=\"_blank\" href=\"https:\/\/niedschule.de\/?p=1649\"><img decoding=\"async\" alt=\"php\"\r\n                    src=\"https:\/\/niedschule.de\/wp-content\/uploads\/2021\/10\/Info_1800x600.jpg\" alt=\"\"><\/a>\r\n            <\/div>\r\n    <div class=\"element element_1633860089351  title_link \">\r\n                    <a target=\"_blank\"\r\n                href=\"https:\/\/niedschule.de\/?p=1649\">Ziemlich viel los an der Niedschule<\/a>\r\n            <\/div>\r\n    <div class=\"element element_1633860124645  excerpt \">\r\n        Vor den Ferien gab es f\u00fcr unsere Sch\u00fclerinnen und Sch\u00fcler noch viele            <\/div>\r\n    <\/div>\n  <\/div><div class=\"item item-1615 skin flat odd 11 \">\n        <div class=\"layer-wrapper layout-103\">\n          <div class=\"element element_1633860053574  thumb \">\r\n                    <a target=\"_blank\" href=\"https:\/\/niedschule.de\/?p=1615\"><img decoding=\"async\" alt=\"php\"\r\n                    src=\"https:\/\/niedschule.de\/wp-content\/uploads\/2025\/03\/BTMxNiedschule.jpg\" alt=\"\"><\/a>\r\n            <\/div>\r\n    <div class=\"element element_1633860089351  title_link \">\r\n                    <a target=\"_blank\"\r\n                href=\"https:\/\/niedschule.de\/?p=1615\">Ein Jahr \u201eBorn to move\u201c an der Niedschule<\/a>\r\n            <\/div>\r\n    <div class=\"element element_1633860124645  excerpt \">\r\n        Ein Jahr voller Bewegung liegt hinter den Kindern der \u201eBorn to move\u201c-AG.            <\/div>\r\n    <\/div>\n  <\/div>    <\/div>\n      <style type=\"text\/css\">\r\n        .layout-103 .element_1633860053574 {\r\n            overflow: hidden;\r\n            margin: 0 0 10px 0;\r\n                    }\r\n\r\n        .layout-103 .element_1633860053574 img {\r\n            max-width: 100%;\r\n            height: auto;\r\n        }\r\n\r\n        @media only screen and (min-width: 1024px) {\r\n            .layout-103 .element_1633860053574 {\r\n                            }\r\n        }\r\n\r\n        @media only screen and (min-width: 768px) and (max-width: 1023px) {\r\n            .layout-103 .element_1633860053574 {\r\n                            }\r\n        }\r\n\r\n        @media only screen and (min-width: 0px) and (max-width: 767px) {\r\n            .layout-103 .element_1633860053574 {\r\n                            }\r\n        }\r\n    <\/style>\r\n    <style type=\"text\/css\">\r\n        .layout-103 .element_1633860089351 {\r\n            text-align: center;\r\n                    }\r\n\r\n        .layout-103 .element_1633860089351 a {\r\n                    }\r\n    <\/style>\r\n    <style type=\"text\/css\">\r\n        .layout-103 .element_1633860124645 {\r\n            font-size: 12px;\r\n            margin: 10px 5px 5px 5px;\r\n            text-align: center;\r\n                    }\r\n\r\n        .layout-103 .element_1633860124645 a {\r\n            font-size: 12px;\r\n                    }\r\n    <\/style>\r\n      <script>\n          <\/script>\n    <style type=\"text\/css\">\n    #post-grid-586 {\n      padding: 10px;\n          }\n\n    #post-grid-586 .item {\n      padding: 2px 2px 10px 2px;\n      background: #d1d1d1;\n          }\n\n    #post-grid-586 .item .layer-media {\n      height:auto;    }\n\n    @media only screen and (min-width: 0px) and (max-width: 767px) {\n      #post-grid-586 .grid-items {\n        text-align: center;\n              }\n\n      #post-grid-586 .item {\n        width: 90%;\n        margin: 5px;\n        display: inline-block;\n        vertical-align: top;\n        height:280px;      }\n    }\n\n    @media only screen and (min-width: 768px) and (max-width: 1023px) {\n      #post-grid-586 .grid-items {\n        text-align: center;\n              }\n\n      #post-grid-586 .item {\n        width: 220px;\n        margin: 5px;\n        display: inline-block;\n        vertical-align: top;\n        height:280px;      }\n    }\n\n    @media only screen and (min-width: 1024px) {\n      #post-grid-586 .grid-items {\n        text-align: center;\n              }\n\n      #post-grid-586 .item {\n        width: 230px;\n        display: inline-block;\n        margin: 5px;\n        vertical-align: top;\n        height:280px;      }\n    }\n\n      <\/style>\n  <\/div>\n\n<\/div>\n<\/div>\n\n\n\n<p><\/p>\n","protected":false},"excerpt":{"rendered":"","protected":false},"author":1,"featured_media":0,"parent":0,"menu_order":0,"comment_status":"closed","ping_status":"closed","template":"","meta":{"footnotes":""},"class_list":["post-583","page","type-page","status-publish","hentry"],"_links":{"self":[{"href":"https:\/\/niedschule.de\/index.php?rest_route=\/wp\/v2\/pages\/583","targetHints":{"allow":["GET"]}}],"collection":[{"href":"https:\/\/niedschule.de\/index.php?rest_route=\/wp\/v2\/pages"}],"about":[{"href":"https:\/\/niedschule.de\/index.php?rest_route=\/wp\/v2\/types\/page"}],"author":[{"embeddable":true,"href":"https:\/\/niedschule.de\/index.php?rest_route=\/wp\/v2\/users\/1"}],"replies":[{"embeddable":true,"href":"https:\/\/niedschule.de\/index.php?rest_route=%2Fwp%2Fv2%2Fcomments&post=583"}],"version-history":[{"count":56,"href":"https:\/\/niedschule.de\/index.php?rest_route=\/wp\/v2\/pages\/583\/revisions"}],"predecessor-version":[{"id":1733,"href":"https:\/\/niedschule.de\/index.php?rest_route=\/wp\/v2\/pages\/583\/revisions\/1733"}],"wp:attachment":[{"href":"https:\/\/niedschule.de\/index.php?rest_route=%2Fwp%2Fv2%2Fmedia&parent=583"}],"curies":[{"name":"wp","href":"https:\/\/api.w.org\/{rel}","templated":true}]}}